{"id":51,"date":"2023-11-13T17:54:18","date_gmt":"2023-11-13T17:54:18","guid":{"rendered":"http:\/\/casanostra-yoga.de\/?page_id=51"},"modified":"2026-01-23T21:54:57","modified_gmt":"2026-01-23T21:54:57","slug":"home","status":"publish","type":"page","link":"https:\/\/casanostra-yoga.de\/","title":{"rendered":"Home"},"content":{"rendered":"\t\t<div data-elementor-type=\"wp-page\" data-elementor-id=\"51\" class=\"elementor elementor-51\">\n\t\t\t\t<div class=\"elementor-element elementor-element-2740ae31 e-con-full e-flex e-con e-parent\" data-id=\"2740ae31\" data-element_type=\"container\" data-e-type=\"container\">\n\t\t<div class=\"elementor-element elementor-element-834f9c0 e-con-full e-flex e-con e-child\" data-id=\"834f9c0\" data-element_type=\"container\" data-e-type=\"container\">\n\t\t<div class=\"elementor-element elementor-element-3e4aa5d1 e-con-full e-flex e-con e-child\" data-id=\"3e4aa5d1\" data-element_type=\"container\" data-e-type=\"container\">\n\t\t\t\t<div class=\"elementor-element elementor-element-5675ecb0 elementor-invisible elementor-widget elementor-widget-heading\" data-id=\"5675ecb0\" data-element_type=\"widget\" data-e-type=\"widget\" data-settings=\"{&quot;_animation&quot;:&quot;fadeInUp&quot;}\" data-widget_type=\"heading.default\">\n\t\t\t\t<div class=\"elementor-widget-container\">\n\t\t\t\t\t<span class=\"elementor-heading-title elementor-size-default\">Casa Nostra<\/span>\t\t\t\t<\/div>\n\t\t\t\t<\/div>\n\t\t\t\t<div class=\"elementor-element elementor-element-6084055e elementor-widget__width-initial elementor-widget elementor-widget-heading\" data-id=\"6084055e\" data-element_type=\"widget\" data-e-type=\"widget\" data-widget_type=\"heading.default\">\n\t\t\t\t<div class=\"elementor-widget-container\">\n\t\t\t\t\t<h1 class=\"elementor-heading-title elementor-size-default\">Yoga \nAchtsamkeit \nKreativit\u00e4t <\/h1>\t\t\t\t<\/div>\n\t\t\t\t<\/div>\n\t\t\t\t<div class=\"elementor-element elementor-element-1f592d5e elementor-invisible elementor-widget elementor-widget-button\" data-id=\"1f592d5e\" data-element_type=\"widget\" data-e-type=\"widget\" data-settings=\"{&quot;_animation&quot;:&quot;fadeInDown&quot;}\" data-widget_type=\"button.default\">\n\t\t\t\t<div class=\"elementor-widget-container\">\n\t\t\t\t\t\t\t\t\t<div class=\"elementor-button-wrapper\">\n\t\t\t\t\t<a class=\"elementor-button elementor-button-link elementor-size-sm elementor-animation-sink\" href=\"https:\/\/casanostra-yoga.de\/?page_id=288\">\n\t\t\t\t\t\t<span class=\"elementor-button-content-wrapper\">\n\t\t\t\t\t\t\t\t\t<span class=\"elementor-button-text\">Jetzt anfragen<\/span>\n\t\t\t\t\t<\/span>\n\t\t\t\t\t<\/a>\n\t\t\t\t<\/div>\n\t\t\t\t\t\t\t\t<\/div>\n\t\t\t\t<\/div>\n\t\t\t\t<\/div>\n\t\t\t\t<\/div>\n\t\t<div class=\"elementor-element elementor-element-66442add elementor-hidden-tablet elementor-hidden-mobile e-flex e-con-boxed e-con e-child\" data-id=\"66442add\" data-element_type=\"container\" data-e-type=\"container\" data-settings=\"{&quot;background_background&quot;:&quot;classic&quot;,&quot;animation&quot;:&quot;none&quot;}\">\n\t\t\t\t\t<div class=\"e-con-inner\">\n\t\t\t\t\t<\/div>\n\t\t\t\t<\/div>\n\t\t\t\t<\/div>\n\t\t<div class=\"elementor-element elementor-element-6be04c6b e-con-full e-flex e-con e-parent\" data-id=\"6be04c6b\" data-element_type=\"container\" data-e-type=\"container\">\n\t\t<div class=\"elementor-element elementor-element-33d13ee5 e-con-full e-flex e-con e-child\" data-id=\"33d13ee5\" data-element_type=\"container\" data-e-type=\"container\" data-settings=\"{&quot;background_background&quot;:&quot;classic&quot;}\">\n\t\t\t\t<\/div>\n\t\t<div class=\"elementor-element elementor-element-22a84fb7 e-con-full e-flex e-con e-child\" data-id=\"22a84fb7\" data-element_type=\"container\" data-e-type=\"container\">\n\t\t\t\t<div class=\"elementor-element elementor-element-d99f7a9 elementor-widget elementor-widget-menu-anchor\" data-id=\"d99f7a9\" data-element_type=\"widget\" data-e-type=\"widget\" data-widget_type=\"menu-anchor.default\">\n\t\t\t\t<div class=\"elementor-widget-container\">\n\t\t\t\t\t\t\t<div class=\"elementor-menu-anchor\" id=\"Mehr\"><\/div>\n\t\t\t\t\t\t<\/div>\n\t\t\t\t<\/div>\n\t\t\t\t<div class=\"elementor-element elementor-element-4de088ee elementor-widget elementor-widget-heading\" data-id=\"4de088ee\" data-element_type=\"widget\" data-e-type=\"widget\" data-widget_type=\"heading.default\">\n\t\t\t\t<div class=\"elementor-widget-container\">\n\t\t\t\t\t<h2 class=\"elementor-heading-title elementor-size-default\">Wir sind Maria und Theresa - die Gr\u00fcnderinnen von Casa Nostra.<\/h2>\t\t\t\t<\/div>\n\t\t\t\t<\/div>\n\t\t\t\t<div class=\"elementor-element elementor-element-7ae65541 elementor-widget elementor-widget-text-editor\" data-id=\"7ae65541\" data-element_type=\"widget\" data-e-type=\"widget\" data-widget_type=\"text-editor.default\">\n\t\t\t\t<div class=\"elementor-widget-container\">\n\t\t\t\t\t\t\t\t\t<p><span style=\"font-weight: 400;\">Gepr\u00e4gt von unserer Erfahrung als Yogalehrerinnen und unserer Freude am Erschaffen besonderer R\u00e4ume gestalten wir Erlebnisse, die leicht, echt und verbindend sind \u2013 ob auf einem Festival, bei einem Junggesellinnenabschied, in einer Yogastunde oder bei einem Fest.<\/span><\/p><p><br style=\"font-weight: 400;\" \/><br style=\"font-weight: 400;\" \/><br \/><\/p>\t\t\t\t\t\t\t\t<\/div>\n\t\t\t\t<\/div>\n\t\t\t\t<div class=\"elementor-element elementor-element-7d4989ca elementor-invisible elementor-widget elementor-widget-button\" data-id=\"7d4989ca\" data-element_type=\"widget\" data-e-type=\"widget\" data-settings=\"{&quot;_animation&quot;:&quot;fadeInDown&quot;}\" data-widget_type=\"button.default\">\n\t\t\t\t<div class=\"elementor-widget-container\">\n\t\t\t\t\t\t\t\t\t<div class=\"elementor-button-wrapper\">\n\t\t\t\t\t<a class=\"elementor-button elementor-button-link elementor-size-sm\" href=\"https:\/\/casanostra-yoga.de\/?page_id=40\">\n\t\t\t\t\t\t<span class=\"elementor-button-content-wrapper\">\n\t\t\t\t\t\t\t\t\t<span class=\"elementor-button-text\">Erfahre mehr<\/span>\n\t\t\t\t\t<\/span>\n\t\t\t\t\t<\/a>\n\t\t\t\t<\/div>\n\t\t\t\t\t\t\t\t<\/div>\n\t\t\t\t<\/div>\n\t\t<div class=\"elementor-element elementor-element-23cfd39 e-flex e-con-boxed e-con e-child\" data-id=\"23cfd39\" data-element_type=\"container\" data-e-type=\"container\">\n\t\t\t\t\t<div class=\"e-con-inner\">\n\t\t\t\t\t<\/div>\n\t\t\t\t<\/div>\n\t\t\t\t<\/div>\n\t\t\t\t<\/div>\n\t\t<div class=\"elementor-element elementor-element-c50ea0c e-con-full e-flex e-con e-parent\" data-id=\"c50ea0c\" data-element_type=\"container\" data-e-type=\"container\">\n\t\t\t\t<div class=\"elementor-element elementor-element-550faf7a elementor-widget elementor-widget-heading\" data-id=\"550faf7a\" data-element_type=\"widget\" data-e-type=\"widget\" data-widget_type=\"heading.default\">\n\t\t\t\t<div class=\"elementor-widget-container\">\n\t\t\t\t\t<span class=\"elementor-heading-title elementor-size-default\">Was wir lieben<\/span>\t\t\t\t<\/div>\n\t\t\t\t<\/div>\n\t\t<div class=\"elementor-element elementor-element-1f54174c e-con-full e-flex e-con e-child\" data-id=\"1f54174c\" data-element_type=\"container\" data-e-type=\"container\">\n\t\t<div class=\"elementor-element elementor-element-54b4bd63 e-con-full e-flex e-con e-child\" data-id=\"54b4bd63\" data-element_type=\"container\" data-e-type=\"container\">\n\t\t\t\t<div class=\"elementor-element elementor-element-8d32bb5 elementor-invisible elementor-widget elementor-widget-button\" data-id=\"8d32bb5\" data-element_type=\"widget\" data-e-type=\"widget\" data-settings=\"{&quot;_animation&quot;:&quot;fadeInDown&quot;}\" data-widget_type=\"button.default\">\n\t\t\t\t<div class=\"elementor-widget-container\">\n\t\t\t\t\t\t\t\t\t<div class=\"elementor-button-wrapper\">\n\t\t\t\t\t<a class=\"elementor-button elementor-button-link elementor-size-sm elementor-animation-sink\" href=\"https:\/\/casanostra-yoga.de\/?page_id=32\">\n\t\t\t\t\t\t<span class=\"elementor-button-content-wrapper\">\n\t\t\t\t\t\t\t\t\t<span class=\"elementor-button-text\">Workshops ansehen<\/span>\n\t\t\t\t\t<\/span>\n\t\t\t\t\t<\/a>\n\t\t\t\t<\/div>\n\t\t\t\t\t\t\t\t<\/div>\n\t\t\t\t<\/div>\n\t\t\t\t<\/div>\n\t\t<div class=\"elementor-element elementor-element-155896bc e-con-full e-flex e-con e-child\" data-id=\"155896bc\" data-element_type=\"container\" data-e-type=\"container\">\n\t\t<div class=\"elementor-element elementor-element-43a6fead e-con-full e-flex e-con e-child\" data-id=\"43a6fead\" data-element_type=\"container\" data-e-type=\"container\">\n\t\t\t\t<div class=\"elementor-element elementor-element-37e51074 elementor-position-top elementor-widget elementor-widget-image-box\" data-id=\"37e51074\" data-element_type=\"widget\" data-e-type=\"widget\" data-widget_type=\"image-box.default\">\n\t\t\t\t<div class=\"elementor-widget-container\">\n\t\t\t\t\t<div class=\"elementor-image-box-wrapper\"><figure class=\"elementor-image-box-img\"><img fetchpriority=\"high\" decoding=\"async\" width=\"2560\" height=\"2560\" src=\"https:\/\/casanostra-yoga.de\/wp-content\/uploads\/2026\/01\/12-1-scaled.png\" class=\"elementor-animation-sink attachment-full size-full wp-image-670\" alt=\"\" srcset=\"https:\/\/casanostra-yoga.de\/wp-content\/uploads\/2026\/01\/12-1-scaled.png 2560w, https:\/\/casanostra-yoga.de\/wp-content\/uploads\/2026\/01\/12-1-300x300.png 300w, https:\/\/casanostra-yoga.de\/wp-content\/uploads\/2026\/01\/12-1-1024x1024.png 1024w, https:\/\/casanostra-yoga.de\/wp-content\/uploads\/2026\/01\/12-1-150x150.png 150w, https:\/\/casanostra-yoga.de\/wp-content\/uploads\/2026\/01\/12-1-768x768.png 768w, https:\/\/casanostra-yoga.de\/wp-content\/uploads\/2026\/01\/12-1-1536x1536.png 1536w, https:\/\/casanostra-yoga.de\/wp-content\/uploads\/2026\/01\/12-1-2048x2048.png 2048w\" sizes=\"(max-width: 2560px) 100vw, 2560px\" \/><\/figure><div class=\"elementor-image-box-content\"><h3 class=\"elementor-image-box-title\">Bewegung<\/h3><p class=\"elementor-image-box-description\">Erlebe die kraftvolle Anmut des Yogas, die befreiende Freude von Tanzsessions und die belebende Energie von Naturausfl\u00fcgen f\u00fcr innere Ausgeglichenheit und Lebenskraft. Unsere Mission ist es Spa\u00df an Bewegung und ein gesundes K\u00f6rpergef\u00fchl zu vermitteln.<\/p><\/div><\/div>\t\t\t\t<\/div>\n\t\t\t\t<\/div>\n\t\t\t\t<\/div>\n\t\t<div class=\"elementor-element elementor-element-cb00feb e-con-full e-flex e-con e-child\" data-id=\"cb00feb\" data-element_type=\"container\" data-e-type=\"container\">\n\t\t\t\t<div class=\"elementor-element elementor-element-484b0a0f elementor-position-top elementor-widget elementor-widget-image-box\" data-id=\"484b0a0f\" data-element_type=\"widget\" data-e-type=\"widget\" data-widget_type=\"image-box.default\">\n\t\t\t\t<div class=\"elementor-widget-container\">\n\t\t\t\t\t<div class=\"elementor-image-box-wrapper\"><figure class=\"elementor-image-box-img\"><img decoding=\"async\" width=\"2560\" height=\"2560\" src=\"https:\/\/casanostra-yoga.de\/wp-content\/uploads\/2026\/01\/25-scaled.png\" class=\"elementor-animation-sink attachment-full size-full wp-image-712\" alt=\"\" srcset=\"https:\/\/casanostra-yoga.de\/wp-content\/uploads\/2026\/01\/25-scaled.png 2560w, https:\/\/casanostra-yoga.de\/wp-content\/uploads\/2026\/01\/25-300x300.png 300w, https:\/\/casanostra-yoga.de\/wp-content\/uploads\/2026\/01\/25-1024x1024.png 1024w, https:\/\/casanostra-yoga.de\/wp-content\/uploads\/2026\/01\/25-150x150.png 150w, https:\/\/casanostra-yoga.de\/wp-content\/uploads\/2026\/01\/25-768x768.png 768w, https:\/\/casanostra-yoga.de\/wp-content\/uploads\/2026\/01\/25-1536x1536.png 1536w, https:\/\/casanostra-yoga.de\/wp-content\/uploads\/2026\/01\/25-2048x2048.png 2048w\" sizes=\"(max-width: 2560px) 100vw, 2560px\" \/><\/figure><div class=\"elementor-image-box-content\"><h3 class=\"elementor-image-box-title\">Kreativit\u00e4t<\/h3><p class=\"elementor-image-box-description\">Lass deine kreative Seele erbl\u00fchen \u2013 entdecke faszinierende Workshops, die deine Vorstellungskraft befl\u00fcgeln und neue Perspektiven er\u00f6ffnen. Auch ohne Vorerfahrung kannst du mit uns deine kreativen Grenzen erweitern und sch\u00f6ne Dinge mit deinen H\u00e4nden schaffen. <\/p><\/div><\/div>\t\t\t\t<\/div>\n\t\t\t\t<\/div>\n\t\t\t\t<\/div>\n\t\t<div class=\"elementor-element elementor-element-197a347c e-con-full e-flex e-con e-child\" data-id=\"197a347c\" data-element_type=\"container\" data-e-type=\"container\">\n\t\t\t\t<div class=\"elementor-element elementor-element-12bda4f9 elementor-position-top elementor-widget elementor-widget-image-box\" data-id=\"12bda4f9\" data-element_type=\"widget\" data-e-type=\"widget\" data-widget_type=\"image-box.default\">\n\t\t\t\t<div class=\"elementor-widget-container\">\n\t\t\t\t\t<div class=\"elementor-image-box-wrapper\"><figure class=\"elementor-image-box-img\"><img decoding=\"async\" width=\"2560\" height=\"2560\" src=\"https:\/\/casanostra-yoga.de\/wp-content\/uploads\/2026\/01\/27-scaled.png\" class=\"elementor-animation-sink attachment-full size-full wp-image-709\" alt=\"\" srcset=\"https:\/\/casanostra-yoga.de\/wp-content\/uploads\/2026\/01\/27-scaled.png 2560w, https:\/\/casanostra-yoga.de\/wp-content\/uploads\/2026\/01\/27-300x300.png 300w, https:\/\/casanostra-yoga.de\/wp-content\/uploads\/2026\/01\/27-1024x1024.png 1024w, https:\/\/casanostra-yoga.de\/wp-content\/uploads\/2026\/01\/27-150x150.png 150w, https:\/\/casanostra-yoga.de\/wp-content\/uploads\/2026\/01\/27-768x768.png 768w, https:\/\/casanostra-yoga.de\/wp-content\/uploads\/2026\/01\/27-1536x1536.png 1536w, https:\/\/casanostra-yoga.de\/wp-content\/uploads\/2026\/01\/27-2048x2048.png 2048w\" sizes=\"(max-width: 2560px) 100vw, 2560px\" \/><\/figure><div class=\"elementor-image-box-content\"><h3 class=\"elementor-image-box-title\">Achtsamkeit<\/h3><p class=\"elementor-image-box-description\">Die Kunst, im gegenw\u00e4rtigen Moment zu sein und mit voller Aufmerksamkeit das zu erleben, was gerade geschieht. In unseren Retreats und Kursen f\u00f6rdern wir diese Praxis, um Raum f\u00fcr innere Ruhe, Klarheit und Verbundenheit zu schaffen.<\/p><\/div><\/div>\t\t\t\t<\/div>\n\t\t\t\t<\/div>\n\t\t\t\t<\/div>\n\t\t\t\t<\/div>\n\t\t\t\t<\/div>\n\t\t\t\t<\/div>\n\t\t<div class=\"elementor-element elementor-element-4598ee19 e-con-full e-flex e-con e-parent\" data-id=\"4598ee19\" data-element_type=\"container\" data-e-type=\"container\" data-settings=\"{&quot;background_background&quot;:&quot;classic&quot;}\">\n\t\t<div class=\"elementor-element elementor-element-6bbf3eb8 e-con-full e-flex e-con e-child\" data-id=\"6bbf3eb8\" data-element_type=\"container\" data-e-type=\"container\">\n\t\t\t\t<div class=\"elementor-element elementor-element-44fe4878 elementor-widget elementor-widget-heading\" data-id=\"44fe4878\" data-element_type=\"widget\" data-e-type=\"widget\" data-widget_type=\"heading.default\">\n\t\t\t\t<div class=\"elementor-widget-container\">\n\t\t\t\t\t<h2 class=\"elementor-heading-title elementor-size-default\">Du m\u00f6chtest beim n\u00e4chsten Event dabei sein? <\/h2>\t\t\t\t<\/div>\n\t\t\t\t<\/div>\n\t\t<div class=\"elementor-element elementor-element-3c49fdcc e-con-full e-flex e-con e-child\" data-id=\"3c49fdcc\" data-element_type=\"container\" data-e-type=\"container\">\n\t\t\t\t<div class=\"elementor-element elementor-element-69d3b0f0 elementor-widget elementor-widget-text-editor\" data-id=\"69d3b0f0\" data-element_type=\"widget\" data-e-type=\"widget\" data-widget_type=\"text-editor.default\">\n\t\t\t\t<div class=\"elementor-widget-container\">\n\t\t\t\t\t\t\t\t\t<p>Wir werden alle \u00f6ffentlichen Termine und Informationen zu unseren kommenden Veranstaltungen sowohl auf unserer Website als auch auf <a href=\"https:\/\/instagram.com\/casa_nostra.official?igshid=MzNlNGNkZWQ4Mg==\">Instagram<\/a> ver\u00f6ffentlichen. Du m\u00f6chtest uns f\u00fcr dein Event buchen &#8211; wir freuen uns auf deine Anfrage.\u00a0<\/p>\t\t\t\t\t\t\t\t<\/div>\n\t\t\t\t<\/div>\n\t\t\t\t<div class=\"elementor-element elementor-element-7726661 elementor-invisible elementor-widget elementor-widget-button\" data-id=\"7726661\" data-element_type=\"widget\" data-e-type=\"widget\" data-settings=\"{&quot;_animation&quot;:&quot;fadeInDown&quot;}\" data-widget_type=\"button.default\">\n\t\t\t\t<div class=\"elementor-widget-container\">\n\t\t\t\t\t\t\t\t\t<div class=\"elementor-button-wrapper\">\n\t\t\t\t\t<a class=\"elementor-button elementor-button-link elementor-size-sm elementor-animation-sink\" href=\"https:\/\/casanostra-yoga.de\/?page_id=288\">\n\t\t\t\t\t\t<span class=\"elementor-button-content-wrapper\">\n\t\t\t\t\t\t\t\t\t<span class=\"elementor-button-text\">Event anfragen <\/span>\n\t\t\t\t\t<\/span>\n\t\t\t\t\t<\/a>\n\t\t\t\t<\/div>\n\t\t\t\t\t\t\t\t<\/div>\n\t\t\t\t<\/div>\n\t\t\t\t<\/div>\n\t\t\t\t<\/div>\n\t\t\t\t<div class=\"elementor-element elementor-element-f3ab3cd elementor-invisible elementor-widget elementor-widget-heading\" data-id=\"f3ab3cd\" data-element_type=\"widget\" data-e-type=\"widget\" data-settings=\"{&quot;_animation&quot;:&quot;fadeInUp&quot;}\" data-widget_type=\"heading.default\">\n\t\t\t\t<div class=\"elementor-widget-container\">\n\t\t\t\t\t<span class=\"elementor-heading-title elementor-size-default\">Workshops<\/span>\t\t\t\t<\/div>\n\t\t\t\t<\/div>\n\t\t\t\t<\/div>\n\t\t<div class=\"elementor-element elementor-element-a2251f6 e-flex e-con-boxed e-con e-parent\" data-id=\"a2251f6\" data-element_type=\"container\" data-e-type=\"container\">\n\t\t\t\t\t<div class=\"e-con-inner\">\n\t\t\t\t<div class=\"elementor-element elementor-element-d23abd8 elementor-widget elementor-widget-spacer\" data-id=\"d23abd8\" data-element_type=\"widget\" data-e-type=\"widget\" data-widget_type=\"spacer.default\">\n\t\t\t\t<div class=\"elementor-widget-container\">\n\t\t\t\t\t\t\t<div class=\"elementor-spacer\">\n\t\t\t<div class=\"elementor-spacer-inner\"><\/div>\n\t\t<\/div>\n\t\t\t\t\t\t<\/div>\n\t\t\t\t<\/div>\n\t\t\t\t<div class=\"elementor-element elementor-element-37a3b04 elementor-align-center elementor-widget elementor-widget-button\" data-id=\"37a3b04\" data-element_type=\"widget\" data-e-type=\"widget\" data-widget_type=\"button.default\">\n\t\t\t\t<div class=\"elementor-widget-container\">\n\t\t\t\t\t\t\t\t\t<div class=\"elementor-button-wrapper\">\n\t\t\t\t\t<a class=\"elementor-button elementor-button-link elementor-size-md\" href=\"https:\/\/casanostra-yoga.de\/?page_id=288\">\n\t\t\t\t\t\t<span class=\"elementor-button-content-wrapper\">\n\t\t\t\t\t\t\t\t\t<span class=\"elementor-button-text\">Individuellen Workshop anfragen<\/span>\n\t\t\t\t\t<\/span>\n\t\t\t\t\t<\/a>\n\t\t\t\t<\/div>\n\t\t\t\t\t\t\t\t<\/div>\n\t\t\t\t<\/div>\n\t\t\t\t<div class=\"elementor-element elementor-element-da8ee1c elementor-widget elementor-widget-spacer\" data-id=\"da8ee1c\" data-element_type=\"widget\" data-e-type=\"widget\" data-widget_type=\"spacer.default\">\n\t\t\t\t<div class=\"elementor-widget-container\">\n\t\t\t\t\t\t\t<div class=\"elementor-spacer\">\n\t\t\t<div class=\"elementor-spacer-inner\"><\/div>\n\t\t<\/div>\n\t\t\t\t\t\t<\/div>\n\t\t\t\t<\/div>\n\t\t\t\t<div class=\"elementor-element elementor-element-ec68f2e elementor-widget elementor-widget-text-editor\" data-id=\"ec68f2e\" data-element_type=\"widget\" data-e-type=\"widget\" data-widget_type=\"text-editor.default\">\n\t\t\t\t<div class=\"elementor-widget-container\">\n\t\t\t\t\t\t\t\t\t<p>Folge uns auf Instagram, um immer auf dem Laufenden zu bleiben.<\/p>\t\t\t\t\t\t\t\t<\/div>\n\t\t\t\t<\/div>\n\t\t\t\t<div class=\"elementor-element elementor-element-815cef0 elementor-view-default elementor-widget elementor-widget-icon\" data-id=\"815cef0\" data-element_type=\"widget\" data-e-type=\"widget\" data-widget_type=\"icon.default\">\n\t\t\t\t<div class=\"elementor-widget-container\">\n\t\t\t\t\t\t\t<div class=\"elementor-icon-wrapper\">\n\t\t\t<a class=\"elementor-icon\" href=\"https:\/\/instagram.com\/casa_nostra.official?igshid=MzNlNGNkZWQ4Mg==\">\n\t\t\t<i aria-hidden=\"true\" class=\"fab fa-instagram\"><\/i>\t\t\t<\/a>\n\t\t<\/div>\n\t\t\t\t\t\t<\/div>\n\t\t\t\t<\/div>\n\t\t\t\t<div class=\"elementor-element elementor-element-76453ca elementor-widget elementor-widget-menu-anchor\" data-id=\"76453ca\" data-element_type=\"widget\" data-e-type=\"widget\" data-widget_type=\"menu-anchor.default\">\n\t\t\t\t<div class=\"elementor-widget-container\">\n\t\t\t\t\t\t\t<div class=\"elementor-menu-anchor\" id=\"Weiter\"><\/div>\n\t\t\t\t\t\t<\/div>\n\t\t\t\t<\/div>\n\t\t\t\t\t<\/div>\n\t\t\t\t<\/div>\n\t\t\t\t<\/div>\n\t\t","protected":false},"excerpt":{"rendered":"<p>Casa Nostra Yoga Achtsamkeit Kreativit\u00e4t Jetzt anfragen Wir sind Maria und Theresa &#8211; die Gr\u00fcnderinnen von Casa Nostra. Gepr\u00e4gt von unserer Erfahrung als Yogalehrerinnen und unserer Freude am Erschaffen besonderer R\u00e4ume gestalten wir Erlebnisse, die leicht, echt und verbindend sind \u2013 ob auf einem Festival, bei einem Junggesellinnenabschied, in einer Yogastunde oder bei einem Fest. [&hellip;]<\/p>\n","protected":false},"author":1,"featured_media":0,"parent":0,"menu_order":0,"comment_status":"closed","ping_status":"closed","template":"elementor_header_footer","meta":{"footnotes":""},"class_list":["post-51","page","type-page","status-publish","hentry"],"_links":{"self":[{"href":"https:\/\/casanostra-yoga.de\/index.php?rest_route=\/wp\/v2\/pages\/51","targetHints":{"allow":["GET"]}}],"collection":[{"href":"https:\/\/casanostra-yoga.de\/index.php?rest_route=\/wp\/v2\/pages"}],"about":[{"href":"https:\/\/casanostra-yoga.de\/index.php?rest_route=\/wp\/v2\/types\/page"}],"author":[{"embeddable":true,"href":"https:\/\/casanostra-yoga.de\/index.php?rest_route=\/wp\/v2\/users\/1"}],"replies":[{"embeddable":true,"href":"https:\/\/casanostra-yoga.de\/index.php?rest_route=%2Fwp%2Fv2%2Fcomments&post=51"}],"version-history":[{"count":100,"href":"https:\/\/casanostra-yoga.de\/index.php?rest_route=\/wp\/v2\/pages\/51\/revisions"}],"predecessor-version":[{"id":724,"href":"https:\/\/casanostra-yoga.de\/index.php?rest_route=\/wp\/v2\/pages\/51\/revisions\/724"}],"wp:attachment":[{"href":"https:\/\/casanostra-yoga.de\/index.php?rest_route=%2Fwp%2Fv2%2Fmedia&parent=51"}],"curies":[{"name":"wp","href":"https:\/\/api.w.org\/{rel}","templated":true}]}}